{"id":2440,"date":"2025-12-16T17:04:15","date_gmt":"2025-12-16T14:04:15","guid":{"rendered":"https:\/\/j70tr.org\/teams\/efsane-yogurt\/tugce-unlu\/"},"modified":"2026-01-12T11:10:08","modified_gmt":"2026-01-12T08:10:08","slug":"tugce-unlu","status":"publish","type":"page","link":"https:\/\/j70tr.org\/en\/teams\/efsane-yogurt\/tugce-unlu\/","title":{"rendered":"Tu\u011f\u00e7e \u00dcnl\u00fc"},"content":{"rendered":"","protected":false},"excerpt":{"rendered":"","protected":false},"author":1,"featured_media":0,"parent":2432,"menu_order":0,"comment_status":"closed","ping_status":"closed","template":"","meta":{"footnotes":""},"class_list":["post-2440","page","type-page","status-publish","hentry"],"_links":{"self":[{"href":"https:\/\/j70tr.org\/en\/wp-json\/wp\/v2\/pages\/2440","targetHints":{"allow":["GET"]}}],"collection":[{"href":"https:\/\/j70tr.org\/en\/wp-json\/wp\/v2\/pages"}],"about":[{"href":"https:\/\/j70tr.org\/en\/wp-json\/wp\/v2\/types\/page"}],"author":[{"embeddable":true,"href":"https:\/\/j70tr.org\/en\/wp-json\/wp\/v2\/users\/1"}],"replies":[{"embeddable":true,"href":"https:\/\/j70tr.org\/en\/wp-json\/wp\/v2\/comments?post=2440"}],"version-history":[{"count":1,"href":"https:\/\/j70tr.org\/en\/wp-json\/wp\/v2\/pages\/2440\/revisions"}],"predecessor-version":[{"id":2496,"href":"https:\/\/j70tr.org\/en\/wp-json\/wp\/v2\/pages\/2440\/revisions\/2496"}],"up":[{"embeddable":true,"href":"https:\/\/j70tr.org\/en\/wp-json\/wp\/v2\/pages\/2432"}],"wp:attachment":[{"href":"https:\/\/j70tr.org\/en\/wp-json\/wp\/v2\/media?parent=2440"}],"curies":[{"name":"wp","href":"https:\/\/api.w.org\/{rel}","templated":true}]}}